{"id":396,"date":"2013-02-20T20:00:42","date_gmt":"2013-02-20T19:00:42","guid":{"rendered":"http:\/\/test.ffochsenfurt.de\/?page_id=396"},"modified":"2016-12-01T17:34:30","modified_gmt":"2016-12-01T16:34:30","slug":"organisation","status":"publish","type":"page","link":"https:\/\/ffochsenfurt.de\/?page_id=396","title":{"rendered":"Organisation"},"content":{"rendered":"<p><span style=\"font-family: Arial,Helvetica;\"><a href=\"http:\/\/www.stmi.bayern.de\/\" target=\"_blank\">Bay. Staatsministerium des Innern, Abt. I D, Fachinformationen<\/a><\/span><br \/>\n<span style=\"font-family: Arial,Helvetica;\"><a href=\"http:\/\/www.kvwuerzburg.brk.de\" target=\"_blank\">BRK-Kreisverband W\u00fcrzburg<br \/>\n<span style=\"font-family: Arial,Helvetica;\"><a href=\"http:\/\/www.kvwuerzburg.brk.de\/was-wir-tun\/bereitschaft-ochsenfurt\">BRK Bereitschaft Ochsenfurt<br \/>\n<span style=\"font-family: Arial,Helvetica;\"><a href=\"http:\/\/www.lrst-ufr.de\" target=\"_blank\">Flugbereitschaft Unterfranken der Luftrettungsstaffel Bayern<br \/>\n<span style=\"font-family: Arial,Helvetica;\"><a href=\"http:\/\/www.polizei.bayern.de\" target=\"_blank\">Polizeipr\u00e4sidium Unterfranken<br \/>\n<span style=\"font-family: Arial,Helvetica;\"><a href=\"http:\/\/www.bbk.bund.de\" target=\"_blank\">Bundesamt f\u00fcr Bev\u00f6lkerungsschutz und Katastrophenhilfe<br \/>\n<span style=\"font-family: Arial,Helvetica;\"><a href=\"http:\/\/www.thw-ochsenfurt.de\" target=\"_blank\">Technisches Hilfswerk OV Ochsenfurt<br \/>\n<span style=\"font-family: Arial,Helvetica;\"><a href=\"http:\/\/www.dlfr.de\" target=\"_blank\">Deutsche L\u00f6schflugzeug Rettungsstaffel<\/p>\n","protected":false},"excerpt":{"rendered":"<div class=\"mh-excerpt\"><p>Bay. Staatsministerium des Innern, Abt. I D, Fachinformationen BRK-Kreisverband W\u00fcrzburg BRK Bereitschaft Ochsenfurt Flugbereitschaft Unterfranken der Luftrettungsstaffel Bayern Polizeipr\u00e4sidium Unterfranken Bundesamt f\u00fcr Bev\u00f6lkerungsschutz und Katastrophenhilfe <a class=\"mh-excerpt-more\" href=\"https:\/\/ffochsenfurt.de\/?page_id=396\" title=\"Organisation\">Weiterlesen<\/a><\/p>\n<\/div>","protected":false},"author":5,"featured_media":0,"parent":87,"menu_order":0,"comment_status":"closed","ping_status":"closed","template":"","meta":{"ngg_post_thumbnail":0,"footnotes":""},"class_list":["post-396","page","type-page","status-publish","hentry"],"_links":{"self":[{"href":"https:\/\/ffochsenfurt.de\/index.php?rest_route=\/wp\/v2\/pages\/396","targetHints":{"allow":["GET"]}}],"collection":[{"href":"https:\/\/ffochsenfurt.de\/index.php?rest_route=\/wp\/v2\/pages"}],"about":[{"href":"https:\/\/ffochsenfurt.de\/index.php?rest_route=\/wp\/v2\/types\/page"}],"author":[{"embeddable":true,"href":"https:\/\/ffochsenfurt.de\/index.php?rest_route=\/wp\/v2\/users\/5"}],"replies":[{"embeddable":true,"href":"https:\/\/ffochsenfurt.de\/index.php?rest_route=%2Fwp%2Fv2%2Fcomments&post=396"}],"version-history":[{"count":9,"href":"https:\/\/ffochsenfurt.de\/index.php?rest_route=\/wp\/v2\/pages\/396\/revisions"}],"predecessor-version":[{"id":4422,"href":"https:\/\/ffochsenfurt.de\/index.php?rest_route=\/wp\/v2\/pages\/396\/revisions\/4422"}],"up":[{"embeddable":true,"href":"https:\/\/ffochsenfurt.de\/index.php?rest_route=\/wp\/v2\/pages\/87"}],"wp:attachment":[{"href":"https:\/\/ffochsenfurt.de\/index.php?rest_route=%2Fwp%2Fv2%2Fmedia&parent=396"}],"curies":[{"name":"wp","href":"https:\/\/api.w.org\/{rel}","templated":true}]}}