{"id":2304,"date":"2016-07-16T10:17:35","date_gmt":"2016-07-16T08:17:35","guid":{"rendered":"http:\/\/ffoch.mein-franken.info\/?page_id=2304"},"modified":"2016-09-16T12:15:36","modified_gmt":"2016-09-16T10:15:36","slug":"oelsperrenanhaenger","status":"publish","type":"page","link":"https:\/\/ffochsenfurt.de\/?page_id=2304","title":{"rendered":"\u00d6lsperrenanh\u00e4nger"},"content":{"rendered":"<p><img loading=\"lazy\" decoding=\"async\" class=\"alignleft wp-image-3241 size-medium\" src=\"https:\/\/ffochsenfurt.de\/wp-content\/uploads\/2016\/07\/\u00d6SA-300x200.jpg\" alt=\"\u00d6SA\" width=\"300\" height=\"200\" srcset=\"https:\/\/ffochsenfurt.de\/wp-content\/uploads\/2016\/07\/\u00d6SA-300x200.jpg 300w, https:\/\/ffochsenfurt.de\/wp-content\/uploads\/2016\/07\/\u00d6SA-768x512.jpg 768w, https:\/\/ffochsenfurt.de\/wp-content\/uploads\/2016\/07\/\u00d6SA.jpg 800w\" sizes=\"auto, (max-width: 300px) 100vw, 300px\" \/>Baujahr: 1982<\/p>\n<p>Einsatzzweck: \u00d6lsperre zum Einziehen in Gew\u00e4sser (Main), um zu verhindern das das \u00d6l weiter abtreibt.<\/p>\n<p>&nbsp;<\/p>\n<p>&nbsp;<\/p>\n<p>&nbsp;<\/p>\n<p>Beladung\/ Austattung:\u00a0\u00a0\u00a0\u00a0\u00a0\u00a0\u00a0\u00a0\u00a0\u00a0\u00a0\u00a0\u00a0\u00a0\u00a0\u00a0\u00a0\u00a0\u00a0\u00a0\u00a0 \u00a0 \u00a0 \u00a0 \u00a0\u00a0 \u00a0\u00a0\u00a0\u00a0\u00a0\u00a0 \u00a0 \u00a0 \u00a0 \u00a0 \u00a0 \u00a0 \u00a0 \u00a0 \u00a0 \u00a0 \u00a0 \u00a0 \u00a0 \u00a0 \u00a0 \u00a0 \u00a0 \u00a0 \u00a0 \u00a0 \u00a0 \u00a0 \u00a0 \u00a0 \u00a0 \u00a0 \u00a0 \u00a0 \u00a0 \u00a0 \u00a0 \u00a0 \u00a0 \u00a0 \u00a0 \u00a0 \u00a0 \u00a0 \u00a0 \u00a0 \u00a0 \u00a0 \u00a0\u00a0 \u00a0\u00a0\u00a0\u00a0\u00a0\u00a0\u00a0\u00a0\u00a0\u00a0\u00a0\u00a0\u00a0\u00a0\u00a0\u00a0\u00a0\u00a0 140 Meter Sperre auf dem Anh\u00e4nger verladen<\/p>\n","protected":false},"excerpt":{"rendered":"<div class=\"mh-excerpt\"><p>Baujahr: 1982 Einsatzzweck: \u00d6lsperre zum Einziehen in Gew\u00e4sser (Main), um zu verhindern das das \u00d6l weiter abtreibt. &nbsp; &nbsp; &nbsp; Beladung\/ Austattung:\u00a0\u00a0\u00a0\u00a0\u00a0\u00a0\u00a0\u00a0\u00a0\u00a0\u00a0\u00a0\u00a0\u00a0\u00a0\u00a0\u00a0\u00a0\u00a0\u00a0\u00a0 \u00a0 \u00a0 \u00a0 <a class=\"mh-excerpt-more\" href=\"https:\/\/ffochsenfurt.de\/?page_id=2304\" title=\"\u00d6lsperrenanh\u00e4nger\">Weiterlesen<\/a><\/p>\n<\/div>","protected":false},"author":9,"featured_media":0,"parent":3331,"menu_order":0,"comment_status":"closed","ping_status":"closed","template":"","meta":{"ngg_post_thumbnail":0,"footnotes":""},"class_list":["post-2304","page","type-page","status-publish","hentry"],"_links":{"self":[{"href":"https:\/\/ffochsenfurt.de\/index.php?rest_route=\/wp\/v2\/pages\/2304","targetHints":{"allow":["GET"]}}],"collection":[{"href":"https:\/\/ffochsenfurt.de\/index.php?rest_route=\/wp\/v2\/pages"}],"about":[{"href":"https:\/\/ffochsenfurt.de\/index.php?rest_route=\/wp\/v2\/types\/page"}],"author":[{"embeddable":true,"href":"https:\/\/ffochsenfurt.de\/index.php?rest_route=\/wp\/v2\/users\/9"}],"replies":[{"embeddable":true,"href":"https:\/\/ffochsenfurt.de\/index.php?rest_route=%2Fwp%2Fv2%2Fcomments&post=2304"}],"version-history":[{"count":9,"href":"https:\/\/ffochsenfurt.de\/index.php?rest_route=\/wp\/v2\/pages\/2304\/revisions"}],"predecessor-version":[{"id":3606,"href":"https:\/\/ffochsenfurt.de\/index.php?rest_route=\/wp\/v2\/pages\/2304\/revisions\/3606"}],"up":[{"embeddable":true,"href":"https:\/\/ffochsenfurt.de\/index.php?rest_route=\/wp\/v2\/pages\/3331"}],"wp:attachment":[{"href":"https:\/\/ffochsenfurt.de\/index.php?rest_route=%2Fwp%2Fv2%2Fmedia&parent=2304"}],"curies":[{"name":"wp","href":"https:\/\/api.w.org\/{rel}","templated":true}]}}