{"id":2286,"date":"2016-07-16T09:03:58","date_gmt":"2016-07-16T07:03:58","guid":{"rendered":"http:\/\/ffoch.mein-franken.info\/?page_id=2286"},"modified":"2021-05-09T17:32:11","modified_gmt":"2021-05-09T15:32:11","slug":"ruestwagen-rw-2-611","status":"publish","type":"page","link":"https:\/\/ffochsenfurt.de\/?page_id=2286","title":{"rendered":"R\u00fcstwagen (RW 2) 61\/1"},"content":{"rendered":"<p><a href=\"https:\/\/ffochsenfurt.de\/wp-content\/uploads\/2021\/05\/DJI_0393_1-scaled.jpg\"><img loading=\"lazy\" decoding=\"async\" class=\"wp-image-8467 size-medium\" src=\"https:\/\/ffochsenfurt.de\/wp-content\/uploads\/2021\/05\/DJI_0393_1-300x169.jpg\" alt=\"\" width=\"300\" height=\"169\" srcset=\"https:\/\/ffochsenfurt.de\/wp-content\/uploads\/2021\/05\/DJI_0393_1-300x169.jpg 300w, https:\/\/ffochsenfurt.de\/wp-content\/uploads\/2021\/05\/DJI_0393_1-1024x576.jpg 1024w, https:\/\/ffochsenfurt.de\/wp-content\/uploads\/2021\/05\/DJI_0393_1-768x432.jpg 768w, https:\/\/ffochsenfurt.de\/wp-content\/uploads\/2021\/05\/DJI_0393_1-1536x864.jpg 1536w, https:\/\/ffochsenfurt.de\/wp-content\/uploads\/2021\/05\/DJI_0393_1-2048x1152.jpg 2048w, https:\/\/ffochsenfurt.de\/wp-content\/uploads\/2021\/05\/DJI_0393_1-737x415.jpg 737w, https:\/\/ffochsenfurt.de\/wp-content\/uploads\/2021\/05\/DJI_0393_1-355x200.jpg 355w\" sizes=\"auto, (max-width: 300px) 100vw, 300px\" \/><\/a><\/p>\n<p>Besatzung: 3 Personen<\/p>\n<p>Baujahr: 2004<\/p>\n<p>Einsatzzweck: Wird bei gr\u00f6\u00dferen Unf\u00e4llen (Technische Hilfeleistung sowie Gefahrgutunf\u00e4llen) eingesetzt. R\u00fcckt im R\u00fcstzug als 3. Fahrzeug mit dem 2. R\u00fcstsatz aus.<\/p>\n<p>&nbsp;<\/p>\n<p>Beladung\/Ausstattung:<\/p>\n<p>Fest eingebauter Stromerzeuger und Seilwinde, tragbarer Stromerzeuger, Gefahrstoffumf\u00fcllpumpe, Tankumf\u00fcllpumpe, 4 schwere und 4 leichte CSA (<strong>C<\/strong>hemikalien<strong>S<\/strong>chutz<strong>A<\/strong>nz\u00fcge), Plasmaschneidger\u00e4t,&nbsp; &nbsp; &nbsp; &nbsp; &nbsp; &nbsp; &nbsp; schwerer Rettungssatz und Hochdruck-Hebekissen.<\/p>\n","protected":false},"excerpt":{"rendered":"<div class=\"mh-excerpt\"><p>Besatzung: 3 Personen Baujahr: 2004 Einsatzzweck: Wird bei gr\u00f6\u00dferen Unf\u00e4llen (Technische Hilfeleistung sowie Gefahrgutunf\u00e4llen) eingesetzt. R\u00fcckt im R\u00fcstzug als 3. Fahrzeug mit dem 2. R\u00fcstsatz <a class=\"mh-excerpt-more\" href=\"https:\/\/ffochsenfurt.de\/?page_id=2286\" title=\"R\u00fcstwagen (RW 2) 61\/1\">Weiterlesen<\/a><\/p>\n<\/div>","protected":false},"author":9,"featured_media":0,"parent":0,"menu_order":0,"comment_status":"closed","ping_status":"closed","template":"","meta":{"ngg_post_thumbnail":0,"footnotes":""},"class_list":["post-2286","page","type-page","status-publish","hentry"],"_links":{"self":[{"href":"https:\/\/ffochsenfurt.de\/index.php?rest_route=\/wp\/v2\/pages\/2286","targetHints":{"allow":["GET"]}}],"collection":[{"href":"https:\/\/ffochsenfurt.de\/index.php?rest_route=\/wp\/v2\/pages"}],"about":[{"href":"https:\/\/ffochsenfurt.de\/index.php?rest_route=\/wp\/v2\/types\/page"}],"author":[{"embeddable":true,"href":"https:\/\/ffochsenfurt.de\/index.php?rest_route=\/wp\/v2\/users\/9"}],"replies":[{"embeddable":true,"href":"https:\/\/ffochsenfurt.de\/index.php?rest_route=%2Fwp%2Fv2%2Fcomments&post=2286"}],"version-history":[{"count":8,"href":"https:\/\/ffochsenfurt.de\/index.php?rest_route=\/wp\/v2\/pages\/2286\/revisions"}],"predecessor-version":[{"id":8468,"href":"https:\/\/ffochsenfurt.de\/index.php?rest_route=\/wp\/v2\/pages\/2286\/revisions\/8468"}],"wp:attachment":[{"href":"https:\/\/ffochsenfurt.de\/index.php?rest_route=%2Fwp%2Fv2%2Fmedia&parent=2286"}],"curies":[{"name":"wp","href":"https:\/\/api.w.org\/{rel}","templated":true}]}}