{"id":2284,"date":"2016-07-16T09:05:00","date_gmt":"2016-07-16T07:05:00","guid":{"rendered":"http:\/\/ffoch.mein-franken.info\/?page_id=2284"},"modified":"2021-05-09T17:26:19","modified_gmt":"2021-05-09T15:26:19","slug":"drehleiter-dlk-2312-301","status":"publish","type":"page","link":"https:\/\/ffochsenfurt.de\/?page_id=2284","title":{"rendered":"Drehleiter (DLK 23\/12) 30\/1"},"content":{"rendered":"<p><a href=\"https:\/\/ffochsenfurt.de\/wp-content\/uploads\/2021\/05\/DJI_0425_1-scaled.jpg\"><img loading=\"lazy\" decoding=\"async\" class=\"wp-image-8457 size-medium\" src=\"https:\/\/ffochsenfurt.de\/wp-content\/uploads\/2021\/05\/DJI_0425_1-300x169.jpg\" alt=\"\" width=\"300\" height=\"169\" srcset=\"https:\/\/ffochsenfurt.de\/wp-content\/uploads\/2021\/05\/DJI_0425_1-300x169.jpg 300w, https:\/\/ffochsenfurt.de\/wp-content\/uploads\/2021\/05\/DJI_0425_1-1024x576.jpg 1024w, https:\/\/ffochsenfurt.de\/wp-content\/uploads\/2021\/05\/DJI_0425_1-768x432.jpg 768w, https:\/\/ffochsenfurt.de\/wp-content\/uploads\/2021\/05\/DJI_0425_1-1536x864.jpg 1536w, https:\/\/ffochsenfurt.de\/wp-content\/uploads\/2021\/05\/DJI_0425_1-2048x1152.jpg 2048w, https:\/\/ffochsenfurt.de\/wp-content\/uploads\/2021\/05\/DJI_0425_1-737x415.jpg 737w, https:\/\/ffochsenfurt.de\/wp-content\/uploads\/2021\/05\/DJI_0425_1-355x200.jpg 355w\" sizes=\"auto, (max-width: 300px) 100vw, 300px\" \/><\/a><\/p>\n<p>Besatzung: 3 Personen<\/p>\n<p>Baujahr: 2001<\/p>\n<p>Einsatzzweck: Wird zur Menschenrettung, Brandbek\u00e4mpfung sowie zum zu Wasser lassen des Mehrzwecksbootes eingesetzt. F\u00e4hrt im L\u00f6schzug als 3. Fahrzeug und kommt zusammen mit der Absturzsicherungsgruppe zum Einsatz.<\/p>\n<p>Beladung\/Ausstattung:&nbsp;&nbsp;&nbsp;&nbsp;&nbsp;&nbsp;&nbsp;&nbsp;&nbsp; &nbsp; &nbsp; &nbsp; &nbsp; &nbsp; &nbsp; &nbsp; &nbsp; &nbsp; &nbsp; &nbsp; &nbsp; &nbsp;&nbsp; &nbsp; &nbsp; &nbsp; &nbsp; &nbsp; &nbsp; &nbsp; &nbsp; &nbsp; &nbsp; &nbsp; &nbsp; &nbsp; &nbsp; &nbsp; &nbsp; &nbsp; &nbsp;&nbsp;&nbsp;&nbsp;&nbsp;&nbsp;&nbsp;&nbsp;&nbsp;&nbsp;&nbsp;&nbsp;&nbsp;&nbsp;&nbsp;&nbsp;&nbsp;&nbsp;&nbsp;&nbsp;&nbsp; &nbsp; &nbsp; &nbsp; &nbsp; &nbsp; &nbsp; &nbsp; &nbsp; &nbsp; &nbsp; &nbsp; &nbsp; &nbsp; &nbsp; &nbsp; &nbsp; &nbsp; &nbsp; &nbsp; &nbsp; &nbsp; &nbsp; &nbsp; &nbsp; &nbsp; &nbsp; &nbsp; &nbsp; &nbsp; &nbsp; &nbsp; &nbsp; 3-Mann Arbeits- und Rettungskorb, Krankentrage mit Korbhalterung, Roll-Gliss, Wenderohr, Sprungretter mit max. Sprungh\u00f6he 16 Meter<\/p>\n","protected":false},"excerpt":{"rendered":"<div class=\"mh-excerpt\"><p>Besatzung: 3 Personen Baujahr: 2001 Einsatzzweck: Wird zur Menschenrettung, Brandbek\u00e4mpfung sowie zum zu Wasser lassen des Mehrzwecksbootes eingesetzt. F\u00e4hrt im L\u00f6schzug als 3. Fahrzeug und <a class=\"mh-excerpt-more\" href=\"https:\/\/ffochsenfurt.de\/?page_id=2284\" title=\"Drehleiter (DLK 23\/12) 30\/1\">Weiterlesen<\/a><\/p>\n<\/div>","protected":false},"author":9,"featured_media":0,"parent":0,"menu_order":0,"comment_status":"closed","ping_status":"closed","template":"","meta":{"ngg_post_thumbnail":0,"footnotes":""},"class_list":["post-2284","page","type-page","status-publish","hentry"],"_links":{"self":[{"href":"https:\/\/ffochsenfurt.de\/index.php?rest_route=\/wp\/v2\/pages\/2284","targetHints":{"allow":["GET"]}}],"collection":[{"href":"https:\/\/ffochsenfurt.de\/index.php?rest_route=\/wp\/v2\/pages"}],"about":[{"href":"https:\/\/ffochsenfurt.de\/index.php?rest_route=\/wp\/v2\/types\/page"}],"author":[{"embeddable":true,"href":"https:\/\/ffochsenfurt.de\/index.php?rest_route=\/wp\/v2\/users\/9"}],"replies":[{"embeddable":true,"href":"https:\/\/ffochsenfurt.de\/index.php?rest_route=%2Fwp%2Fv2%2Fcomments&post=2284"}],"version-history":[{"count":6,"href":"https:\/\/ffochsenfurt.de\/index.php?rest_route=\/wp\/v2\/pages\/2284\/revisions"}],"predecessor-version":[{"id":8459,"href":"https:\/\/ffochsenfurt.de\/index.php?rest_route=\/wp\/v2\/pages\/2284\/revisions\/8459"}],"wp:attachment":[{"href":"https:\/\/ffochsenfurt.de\/index.php?rest_route=%2Fwp%2Fv2%2Fmedia&parent=2284"}],"curies":[{"name":"wp","href":"https:\/\/api.w.org\/{rel}","templated":true}]}}