{"id":2277,"date":"2016-02-01T21:20:13","date_gmt":"2016-02-01T20:20:13","guid":{"rendered":"http:\/\/ffoch.mein-franken.info\/?page_id=2277"},"modified":"2021-05-09T17:31:03","modified_gmt":"2021-05-09T15:31:03","slug":"101-kdow","status":"publish","type":"page","link":"https:\/\/ffochsenfurt.de\/?page_id=2277","title":{"rendered":"Kommandowagen (KdoW) 10\/1"},"content":{"rendered":"<p><a href=\"https:\/\/ffochsenfurt.de\/wp-content\/uploads\/2021\/05\/DJI_0354_1-scaled.jpg\"><img loading=\"lazy\" decoding=\"async\" class=\"wp-image-8464 size-medium\" src=\"https:\/\/ffochsenfurt.de\/wp-content\/uploads\/2021\/05\/DJI_0354_1-300x169.jpg\" alt=\"\" width=\"300\" height=\"169\" srcset=\"https:\/\/ffochsenfurt.de\/wp-content\/uploads\/2021\/05\/DJI_0354_1-300x169.jpg 300w, https:\/\/ffochsenfurt.de\/wp-content\/uploads\/2021\/05\/DJI_0354_1-1024x576.jpg 1024w, https:\/\/ffochsenfurt.de\/wp-content\/uploads\/2021\/05\/DJI_0354_1-768x432.jpg 768w, https:\/\/ffochsenfurt.de\/wp-content\/uploads\/2021\/05\/DJI_0354_1-1536x864.jpg 1536w, https:\/\/ffochsenfurt.de\/wp-content\/uploads\/2021\/05\/DJI_0354_1-2048x1152.jpg 2048w, https:\/\/ffochsenfurt.de\/wp-content\/uploads\/2021\/05\/DJI_0354_1-737x415.jpg 737w, https:\/\/ffochsenfurt.de\/wp-content\/uploads\/2021\/05\/DJI_0354_1-355x200.jpg 355w\" sizes=\"auto, (max-width: 300px) 100vw, 300px\" \/><\/a><\/p>\n<p>Besatzung: 2 Personen<\/p>\n<p>Baujahr: 2010<\/p>\n<p>Einsatzzweck: Dienstfahrzeug der Wehrleitung der Freiwilligen Feuerwehr Stadt Ochsenfurt<\/p>\n<p>&nbsp;<\/p>\n<p>Der Kommandowagen dient als Koordinations- und F\u00fchrungsfahrzeug f\u00fcr Eins\u00e4tze jeglicher Art. Dar\u00fcber hinaus dient er prim\u00e4r der Anfahrt der Einsatzleitung \/ Wehrleitung zur Einsatzstelle. Dies erm\u00f6glicht der Einsatzleitung die Lage am Einsatzort bereits im Voraus zu erkunden und somit weitere Fahrzeuge und Kr\u00e4fte zu instruieren, bzw. zu koordinieren.<\/p>\n<p>Beladung\/Ausstattung:<\/p>\n<p>Einsatzpl\u00e4ne, Kleinl\u00f6schger\u00e4t, F\u00fchrungsmaterial, Gasmessger\u00e4t, ERI-Cards, EDV-Komponenten (Internet).<\/p>\n","protected":false},"excerpt":{"rendered":"<div class=\"mh-excerpt\"><p>Besatzung: 2 Personen Baujahr: 2010 Einsatzzweck: Dienstfahrzeug der Wehrleitung der Freiwilligen Feuerwehr Stadt Ochsenfurt &nbsp; Der Kommandowagen dient als Koordinations- und F\u00fchrungsfahrzeug f\u00fcr Eins\u00e4tze jeglicher <a class=\"mh-excerpt-more\" href=\"https:\/\/ffochsenfurt.de\/?page_id=2277\" title=\"Kommandowagen (KdoW) 10\/1\">Weiterlesen<\/a><\/p>\n<\/div>","protected":false},"author":9,"featured_media":0,"parent":0,"menu_order":0,"comment_status":"closed","ping_status":"closed","template":"","meta":{"ngg_post_thumbnail":0,"footnotes":""},"class_list":["post-2277","page","type-page","status-publish","hentry"],"_links":{"self":[{"href":"https:\/\/ffochsenfurt.de\/index.php?rest_route=\/wp\/v2\/pages\/2277","targetHints":{"allow":["GET"]}}],"collection":[{"href":"https:\/\/ffochsenfurt.de\/index.php?rest_route=\/wp\/v2\/pages"}],"about":[{"href":"https:\/\/ffochsenfurt.de\/index.php?rest_route=\/wp\/v2\/types\/page"}],"author":[{"embeddable":true,"href":"https:\/\/ffochsenfurt.de\/index.php?rest_route=\/wp\/v2\/users\/9"}],"replies":[{"embeddable":true,"href":"https:\/\/ffochsenfurt.de\/index.php?rest_route=%2Fwp%2Fv2%2Fcomments&post=2277"}],"version-history":[{"count":8,"href":"https:\/\/ffochsenfurt.de\/index.php?rest_route=\/wp\/v2\/pages\/2277\/revisions"}],"predecessor-version":[{"id":8466,"href":"https:\/\/ffochsenfurt.de\/index.php?rest_route=\/wp\/v2\/pages\/2277\/revisions\/8466"}],"wp:attachment":[{"href":"https:\/\/ffochsenfurt.de\/index.php?rest_route=%2Fwp%2Fv2%2Fmedia&parent=2277"}],"curies":[{"name":"wp","href":"https:\/\/api.w.org\/{rel}","templated":true}]}}