{"id":1115,"date":"2014-05-27T14:35:34","date_gmt":"2014-05-27T12:35:34","guid":{"rendered":"http:\/\/ffoch.mein-franken.info\/?page_id=1115"},"modified":"2016-12-18T13:44:32","modified_gmt":"2016-12-18T12:44:32","slug":"rauchmelder-2","status":"publish","type":"page","link":"https:\/\/ffochsenfurt.de\/?page_id=1115","title":{"rendered":"Rauchmelder"},"content":{"rendered":"<p>J\u00e4hrlich sterben in Deutschland ca. 400 Personen durch einen Brand in den eigenen vier W\u00e4nden. Hauptursache ist in fast 95% aller F\u00e4lle Tod durch Ersticken; Verbrennungen spielen eine eher untergeordnete Rolle. Die h\u00e4ufigsten Brandursachen sind dabei unbeaufsichtigte Kerzen, nachglimmende Zigaretten oder defekte Elektroger\u00e4te.<\/p>\n<p>Das gemeine ist der bei einem Brand entstehende Rauch. Etwa 70% der Opfer werden im Schlaf von einem Brand \u00fcberrascht. Zum einen nimmt man schlafend den Brandgeruch verz\u00f6gert wahr, zum anderen verbreiten sich die Rauchgase lautlos und schneller als das eigentliche Feuer. Sie enthalten unter anderem Kohlenmonoxid. Kohlenstoffmonoxid ist ein farb-, geruch-, geschmackloses und sauerstoffverdr\u00e4ngendes Gas das zu Bewusstlosigkeit und letztendlich zum Tod f\u00fchrt. Es ist schwerer als Luft und erreicht schlafende Personen so meistens deutlich bevor riechbare Brandgase wahrgenommen werden k\u00f6nnten.<\/p>\n<p>Doch eigentlich m\u00fcsste es nicht zu solch einer Trag\u00f6die kommen, denn es kann vorgebeugt werden. Ein Rauchmelder kann Leben retten. Er erkennt sich sammelnden Rauch fr\u00fchzeitig und alarmiert mit einer un\u00fcberh\u00f6rbaren Lautst\u00e4rke. Damit verschafft er wertvolle Zeit, sich noch rechtzeitig in Sicherheit zu bringen.<\/p>\n<p>Seit dem 1. Januar 2013 m\u00fcssen laut Gesetz nun auch in Bayern alle Geb\u00e4udeneu- und -umbauten mit Rauchwarnmeldern ausgestattet sein. Dies betrifft Schlafr\u00e4ume, Kinderzimmer und Flure, die zu Aufenthaltsr\u00e4umen f\u00fchren. Die Vorgabe ist, dass in diesen R\u00e4umen jeweils mindestens ein Ger\u00e4t installiert sein muss. Des Weiteren verpflichtet auch die Bayerische Bauordnung vom 11. Dezember 2012 (Artikel 46, Absatz 4) jeden Bauherren und Eigent\u00fcmer bzw. Vermieter von Wohnr\u00e4umen daf\u00fcr zu sorgen, dass die Ger\u00e4te auch tats\u00e4chlich betriebsbereit sind. Bestehende Wohnungen m\u00fcssen in einer \u00dcbergangsfrist bis sp\u00e4testens Ende 2017 nachger\u00fcstet werden. Die Wartung (j\u00e4hrliche Sicht- und Funktionskontrolle sowie ein notweniger Batterienwechsel) der Rauchwarnmelder liegt jedoch in allen F\u00e4llen in der Verantwortung der Nutzer.<\/p>\n<p>Sind keine Rauchwarnmelder installiert, kann dies im Brandfall auch ernsthafte finanzielle Folgen haben. Wird n\u00e4mlich nachgewiesen, dass der entstandene Schaden an Geb\u00e4ude oder Hausrat durch das Fehlen der Melder gr\u00f6\u00dfer ausgefallen ist, als mit installierten Ger\u00e4ten, kann dies zu K\u00fcrzungen bei den Schadenersatzleistungen aus einem Feuerversicherungsvertrag kommen.<\/p>\n<p>Rauchmelder retten Leben!<br \/>\nSie kosten nicht viel und machen einen todsicheren Job!<br \/>\nTun Sie sich und auch uns einen gefallen und investieren Sie die paar Euro in weniger Sachschaden, in weniger Brandopfer, in weniger schreckliche Bilder die alle Beteiligten (auch wir Feuerwehrleute) verarbeiten m\u00fcssen.<\/p>\n<p>Was es beim Kauf zu beachten gilt, wie Rauchmelder richtig angebracht werden und weitere interessante Informationen rund um das Thema finden Sie unter Anderem hier:<\/p>\n<p><a title=\"http:\/\/www.rauchmelder-lebensretter.de\/home\/\" href=\"http:\/\/www.rauchmelder-lebensretter.de\/home\/\" target=\"_blank\">http:\/\/www.rauchmelder-lebensretter.de\/home\/<\/a><\/p>\n<p><a title=\"http:\/\/www.qualitaetsrauchmelder.de\/\" href=\"http:\/\/www.qualitaetsrauchmelder.de\/\" target=\"_blank\">http:\/\/www.qualitaetsrauchmelder.de\/<\/a><\/p>\n","protected":false},"excerpt":{"rendered":"<div class=\"mh-excerpt\"><p>J\u00e4hrlich sterben in Deutschland ca. 400 Personen durch einen Brand in den eigenen vier W\u00e4nden. Hauptursache ist in fast 95% aller F\u00e4lle Tod durch Ersticken; <a class=\"mh-excerpt-more\" href=\"https:\/\/ffochsenfurt.de\/?page_id=1115\" title=\"Rauchmelder\">Weiterlesen<\/a><\/p>\n<\/div>","protected":false},"author":9,"featured_media":0,"parent":0,"menu_order":0,"comment_status":"closed","ping_status":"open","template":"","meta":{"ngg_post_thumbnail":0,"footnotes":""},"class_list":["post-1115","page","type-page","status-publish","hentry"],"_links":{"self":[{"href":"https:\/\/ffochsenfurt.de\/index.php?rest_route=\/wp\/v2\/pages\/1115","targetHints":{"allow":["GET"]}}],"collection":[{"href":"https:\/\/ffochsenfurt.de\/index.php?rest_route=\/wp\/v2\/pages"}],"about":[{"href":"https:\/\/ffochsenfurt.de\/index.php?rest_route=\/wp\/v2\/types\/page"}],"author":[{"embeddable":true,"href":"https:\/\/ffochsenfurt.de\/index.php?rest_route=\/wp\/v2\/users\/9"}],"replies":[{"embeddable":true,"href":"https:\/\/ffochsenfurt.de\/index.php?rest_route=%2Fwp%2Fv2%2Fcomments&post=1115"}],"version-history":[{"count":13,"href":"https:\/\/ffochsenfurt.de\/index.php?rest_route=\/wp\/v2\/pages\/1115\/revisions"}],"predecessor-version":[{"id":4489,"href":"https:\/\/ffochsenfurt.de\/index.php?rest_route=\/wp\/v2\/pages\/1115\/revisions\/4489"}],"wp:attachment":[{"href":"https:\/\/ffochsenfurt.de\/index.php?rest_route=%2Fwp%2Fv2%2Fmedia&parent=1115"}],"curies":[{"name":"wp","href":"https:\/\/api.w.org\/{rel}","templated":true}]}}